{"id":13,"date":"2022-10-13T09:11:25","date_gmt":"2022-10-13T07:11:25","guid":{"rendered":"https:\/\/www.ayuntamientodeazuaga.es\/radioazuaga\/?page_id=13"},"modified":"2022-11-08T09:23:32","modified_gmt":"2022-11-08T08:23:32","slug":"contacto","status":"publish","type":"page","link":"https:\/\/www.ayuntamientodeazuaga.es\/radioazuaga\/contacto\/","title":{"rendered":"Contacto"},"content":{"rendered":"\n<p><\/p>\n\n\n\n<div class=\"wp-block-group has-theme-palette-8-background-color has-background\"><div class=\"wp-block-group__inner-container is-layout-flow wp-block-group-is-layout-flow\">\n<h3 class=\"has-text-align-center wp-block-heading\"><strong>Radio Azuaga 107.7 FM<\/strong><\/h3>\n\n\n\n<h5 class=\"has-text-align-center wp-block-heading\">Emisora Municipal &#8211; Ayuntamiento de Azuaga<\/h5>\n\n\n\n<h6 class=\"has-text-align-center wp-block-heading\"><strong>Licencia EX-RA-LI-0056 AZUAGA 107.7 MHz<\/strong>, otorgada por la Junta de Extremadura.<\/h6>\n\n\n\n<p class=\"has-text-align-center\"><strong>Direcci\u00f3n:<\/strong> Plaza de la Merced, s\/n<br><strong>Tel\u00e9fono:<\/strong> 924 890 935 &#8211; <strong>M\u00f3vil:<\/strong> 673 53 23 33<br><strong>Correo:<\/strong> radioazuaga@gmail.com<br>06920 Azuaga (Badajoz) Espa\u00f1a<\/p>\n<\/div><\/div>\n","protected":false},"excerpt":{"rendered":"<p>Radio Azuaga 107.7 FM Emisora Municipal &#8211; Ayuntamiento de Azuaga Licencia EX-RA-LI-0056 AZUAGA 107.7 MHz, otorgada por la Junta de Extremadura. Direcci\u00f3n: Plaza de la Merced, s\/nTel\u00e9fono: 924 890 935 &#8211; M\u00f3vil: 673 53 23 33Correo: radioazuaga@gmail.com06920 Azuaga (Badajoz) Espa\u00f1a<\/p>\n","protected":false},"author":1,"featured_media":222,"parent":0,"menu_order":0,"comment_status":"closed","ping_status":"closed","template":"","meta":{"_kad_post_transparent":"","_kad_post_title":"","_kad_post_layout":"","_kad_post_sidebar_id":"","_kad_post_content_style":"","_kad_post_vertical_padding":"","_kad_post_feature":"","_kad_post_feature_position":"","_kad_post_header":false,"_kad_post_footer":false,"_kad_post_classname":"","footnotes":""},"class_list":["post-13","page","type-page","status-publish","has-post-thumbnail","hentry"],"_links":{"self":[{"href":"https:\/\/www.ayuntamientodeazuaga.es\/radioazuaga\/wp-json\/wp\/v2\/pages\/13","targetHints":{"allow":["GET"]}}],"collection":[{"href":"https:\/\/www.ayuntamientodeazuaga.es\/radioazuaga\/wp-json\/wp\/v2\/pages"}],"about":[{"href":"https:\/\/www.ayuntamientodeazuaga.es\/radioazuaga\/wp-json\/wp\/v2\/types\/page"}],"author":[{"embeddable":true,"href":"https:\/\/www.ayuntamientodeazuaga.es\/radioazuaga\/wp-json\/wp\/v2\/users\/1"}],"replies":[{"embeddable":true,"href":"https:\/\/www.ayuntamientodeazuaga.es\/radioazuaga\/wp-json\/wp\/v2\/comments?post=13"}],"version-history":[{"count":31,"href":"https:\/\/www.ayuntamientodeazuaga.es\/radioazuaga\/wp-json\/wp\/v2\/pages\/13\/revisions"}],"predecessor-version":[{"id":645,"href":"https:\/\/www.ayuntamientodeazuaga.es\/radioazuaga\/wp-json\/wp\/v2\/pages\/13\/revisions\/645"}],"wp:featuredmedia":[{"embeddable":true,"href":"https:\/\/www.ayuntamientodeazuaga.es\/radioazuaga\/wp-json\/wp\/v2\/media\/222"}],"wp:attachment":[{"href":"https:\/\/www.ayuntamientodeazuaga.es\/radioazuaga\/wp-json\/wp\/v2\/media?parent=13"}],"curies":[{"name":"wp","href":"https:\/\/api.w.org\/{rel}","templated":true}]}}